{"id":82,"date":"2019-03-26T10:15:33","date_gmt":"2019-03-26T09:15:33","guid":{"rendered":"http:\/\/vetbrain.fr\/?page_id=82"},"modified":"2023-04-05T10:00:21","modified_gmt":"2023-04-05T08:00:21","slug":"cours","status":"publish","type":"page","link":"https:\/\/vetbrain.fr\/index.php\/cours\/","title":{"rendered":"Cours"},"content":{"rendered":"\n<p>Les cours suivants sont mis \u00e0 votre disposition sous licence creative common BY. <\/p>\n\n\n\n<p>Ces cours n&#8217;ont pas pu, dans cette premi\u00e8re \u00e9dition, b\u00e9n\u00e9ficier d&#8217;une revue par les pairs. De plus, ils sont amen\u00e9s \u00e0 \u00eatre compl\u00e9t\u00e9s par la suite, cette \u00e9dition traitant des \u00e9l\u00e9ments essentiels. <\/p>\n\n\n\n<p>Si vous souhaitez faire part de vos commentaires afin d&#8217;am\u00e9liorer les futures \u00e9ditions merci d&#8217;\u00e9crire \u00e0 : sebastien.lefebvre@vetbrain.fr <\/p>\n\n\n\n<h2>Livre de cours 3\u00e8me \u00e9dition (en cours, version couleur) <\/h2>\n\n\n\n<div class=\"wp-block-file\"><object class=\"wp-block-file__embed\" data=\"http:\/\/vetbrain.fr\/wp-content\/uploads\/2023\/04\/3edC-travail-Nutrition_veterinaire_S-Lefebvre-coul.pdf\" type=\"application\/pdf\" style=\"width:100%;height:600px\" aria-label=\"Embed of 3edC-travail-Nutrition_veterinaire_S-Lefebvre-coul.\"><\/object><a id=\"wp-block-file--media-c353ee1e-3dac-4651-afcd-66e70ef12c2d\" href=\"http:\/\/vetbrain.fr\/wp-content\/uploads\/2023\/04\/3edC-travail-Nutrition_veterinaire_S-Lefebvre-coul.pdf\">3edC-travail-Nutrition_veterinaire_S-Lefebvre-coul<\/a><a href=\"http:\/\/vetbrain.fr\/wp-content\/uploads\/2023\/04\/3edC-travail-Nutrition_veterinaire_S-Lefebvre-coul.pdf\" class=\"wp-block-file__button\" download aria-describedby=\"wp-block-file--media-c353ee1e-3dac-4651-afcd-66e70ef12c2d\">Download<\/a><\/div>\n\n\n\n<h2>Livre de cours (Version optimis\u00e9e pour impression en Noir et Blanc)<\/h2>\n\n\n\n<div class=\"wp-block-file\"><a id=\"wp-block-file--media-c6e99f74-1200-4d0c-85d9-a9702e820369\" href=\"http:\/\/vetbrain.fr\/wp-content\/uploads\/2020\/06\/2ed22b-Nutrition_veterinaire_S-Lefebvre-bw.pdf\">2ed-Nutrition_veterinaire_S-Lefebvre-bw<\/a><a href=\"http:\/\/vetbrain.fr\/wp-content\/uploads\/2020\/06\/2ed22b-Nutrition_veterinaire_S-Lefebvre-bw.pdf\" class=\"wp-block-file__button\" download aria-describedby=\"wp-block-file--media-c6e99f74-1200-4d0c-85d9-a9702e820369\">Download<\/a><\/div>\n\n\n\n<h2>Lien vers le livre imprim\u00e9 (<a href=\"https:\/\/www.amazon.fr\/dp\/B089TS151C\">Amazon<\/a>)<\/h2>\n\n\n\n<p>L&#8217;auteur ne per\u00e7oit aucune r\u00e9tribution de la vente de la version papier, vous \u00eates libres d&#8217;imprimer le livre par vos propres moyens.<\/p>\n","protected":false},"excerpt":{"rendered":"<p>Les cours suivants sont mis \u00e0 votre disposition sous licence creative common BY. Ces cours n&#8217;ont pas pu, dans cette premi\u00e8re \u00e9dition, b\u00e9n\u00e9ficier d&#8217;une revue par les pairs. De plus, ils sont amen\u00e9s \u00e0 \u00eatre compl\u00e9t\u00e9s par la suite, cette \u00e9dition traitant des \u00e9l\u00e9ments essentiels. Si vous souhaitez faire part de vos commentaires afin d&#8217;am\u00e9liorer &hellip; <\/p>\n<p class=\"link-more\"><a href=\"https:\/\/vetbrain.fr\/index.php\/cours\/\" class=\"more-link\">Continue reading<span class=\"screen-reader-text\"> &#8220;Cours&#8221;<\/span><\/a><\/p>\n","protected":false},"author":1,"featured_media":0,"parent":0,"menu_order":0,"comment_status":"closed","ping_status":"closed","template":"","meta":[],"_links":{"self":[{"href":"https:\/\/vetbrain.fr\/index.php\/wp-json\/wp\/v2\/pages\/82"}],"collection":[{"href":"https:\/\/vetbrain.fr\/index.php\/wp-json\/wp\/v2\/pages"}],"about":[{"href":"https:\/\/vetbrain.fr\/index.php\/wp-json\/wp\/v2\/types\/page"}],"author":[{"embeddable":true,"href":"https:\/\/vetbrain.fr\/index.php\/wp-json\/wp\/v2\/users\/1"}],"replies":[{"embeddable":true,"href":"https:\/\/vetbrain.fr\/index.php\/wp-json\/wp\/v2\/comments?post=82"}],"version-history":[{"count":42,"href":"https:\/\/vetbrain.fr\/index.php\/wp-json\/wp\/v2\/pages\/82\/revisions"}],"predecessor-version":[{"id":562,"href":"https:\/\/vetbrain.fr\/index.php\/wp-json\/wp\/v2\/pages\/82\/revisions\/562"}],"wp:attachment":[{"href":"https:\/\/vetbrain.fr\/index.php\/wp-json\/wp\/v2\/media?parent=82"}],"curies":[{"name":"wp","href":"https:\/\/api.w.org\/{rel}","templated":true}]}}