{"id":602,"date":"2025-09-09T12:38:47","date_gmt":"2025-09-09T10:38:47","guid":{"rendered":"https:\/\/vetbrain.fr\/?page_id=602"},"modified":"2026-04-08T19:43:29","modified_gmt":"2026-04-08T17:43:29","slug":"vetnutri-multiplatforme","status":"publish","type":"page","link":"https:\/\/vetbrain.fr\/index.php\/vetnutri-multiplatforme\/","title":{"rendered":"VetNutri Multi-plateforme"},"content":{"rendered":"\n<p>Sur Android via PlayStore: <a href=\"https:\/\/play.google.com\/store\/apps\/details?id=fr.vetbrain.vetnutri_mp\">https:\/\/play.google.com\/store\/apps\/details?id=fr.vetbrain.vetnutri_mp<\/a><\/p>\n\n\n\n<p>Pour iPad, iPhone : <a rel=\"noreferrer noopener\" href=\"https:\/\/apps.apple.com\/us\/app\/vetnutri\/id6751589592\" target=\"_blank\">https:\/\/apps.apple.com\/us\/app\/vetnutri\/id6751589592<\/a><\/p>\n\n\n\n<p>Pour Windows via le store :<a href=\"https:\/\/apps.microsoft.com\/detail\/9nwj0hxzppj6?hl=fr-FR&amp;gl=FR\">VetNutri MP\u00a0: t\u00e9l\u00e9chargement et installation gratuits sous Windows | Microsoft Store<\/a><\/p>\n\n\n\n<p><strong>Si le t\u00e9l\u00e9chargement ne commence pas, faites un clic droit, copiez le lien et collez-le dans une nouvelle page.<\/strong><\/p>\n\n\n\n<p>Pour MacOs Apple Silicon: <\/p>\n\n\n\n<p><a href=\"https:\/\/github.com\/vinlmoe\/VetNutriMP\/releases\/download\/v3.2.40\/VetNutriMP-3.2.40-signed.dmg\">https:\/\/github.com\/vinlmoe\/VetNutriMP\/releases\/download\/v3.2.40\/VetNutriMP-3.2.40-signed.dmg<\/a><\/p>\n\n\n\n<p>Pour MacOs Intel (avant 2020): <a href=\"https:\/\/github.com\/vinlmoe\/VetNutriMP\/releases\/download\/v3.2.40\/VetNutriMP-3.2.40-intel-signed.dmg\">https:\/\/github.com\/vinlmoe\/VetNutriMP\/releases\/download\/v3.2.40\/VetNutriMP-3.2.40-intel-signed.dmg<\/a> <\/p>\n\n\n\n<p>Pour Windows: <a href=\"https:\/\/github.com\/vinlmoe\/VetNutriMP\/releases\/download\/v3.2.40\/VetNutriMP-3.2.40.exe\">https:\/\/github.com\/vinlmoe\/VetNutriMP\/releases\/download\/v3.2.40\/VetNutriMP-3.2.40.exe<\/a><\/p>\n\n\n\n<p>Pour Linux:  <a href=\"https:\/\/github.com\/vinlmoe\/VetNutriMP\/releases\/download\/v3.2.40\/vetnutrimp_3.2.40-1_amd64.deb\">https:\/\/github.com\/vinlmoe\/VetNutriMP\/releases\/download\/v3.2.40\/vetnutrimp_3.2.40-1_amd64.deb<\/a><\/p>\n","protected":false},"excerpt":{"rendered":"<p>Sur Android via PlayStore: https:\/\/play.google.com\/store\/apps\/details?id=fr.vetbrain.vetnutri_mp Pour iPad, iPhone : https:\/\/apps.apple.com\/us\/app\/vetnutri\/id6751589592 Pour Windows via le store :VetNutri MP\u00a0: t\u00e9l\u00e9chargement et installation gratuits sous Windows | Microsoft Store Si le t\u00e9l\u00e9chargement ne commence pas, faites un clic droit, copiez le lien et collez-le dans une nouvelle page. Pour MacOs Apple Silicon: https:\/\/github.com\/vinlmoe\/VetNutriMP\/releases\/download\/v3.2.40\/VetNutriMP-3.2.40-signed.dmg Pour MacOs Intel (avant 2020): &hellip; <\/p>\n<p class=\"link-more\"><a href=\"https:\/\/vetbrain.fr\/index.php\/vetnutri-multiplatforme\/\" class=\"more-link\">Continue reading<span class=\"screen-reader-text\"> &#8220;VetNutri Multi-plateforme&#8221;<\/span><\/a><\/p>\n","protected":false},"author":1,"featured_media":0,"parent":0,"menu_order":0,"comment_status":"closed","ping_status":"closed","template":"","meta":[],"_links":{"self":[{"href":"https:\/\/vetbrain.fr\/index.php\/wp-json\/wp\/v2\/pages\/602"}],"collection":[{"href":"https:\/\/vetbrain.fr\/index.php\/wp-json\/wp\/v2\/pages"}],"about":[{"href":"https:\/\/vetbrain.fr\/index.php\/wp-json\/wp\/v2\/types\/page"}],"author":[{"embeddable":true,"href":"https:\/\/vetbrain.fr\/index.php\/wp-json\/wp\/v2\/users\/1"}],"replies":[{"embeddable":true,"href":"https:\/\/vetbrain.fr\/index.php\/wp-json\/wp\/v2\/comments?post=602"}],"version-history":[{"count":29,"href":"https:\/\/vetbrain.fr\/index.php\/wp-json\/wp\/v2\/pages\/602\/revisions"}],"predecessor-version":[{"id":696,"href":"https:\/\/vetbrain.fr\/index.php\/wp-json\/wp\/v2\/pages\/602\/revisions\/696"}],"wp:attachment":[{"href":"https:\/\/vetbrain.fr\/index.php\/wp-json\/wp\/v2\/media?parent=602"}],"curies":[{"name":"wp","href":"https:\/\/api.w.org\/{rel}","templated":true}]}}