{"id":594,"date":"2025-08-30T14:28:35","date_gmt":"2025-08-30T12:28:35","guid":{"rendered":"https:\/\/vetbrain.fr\/?page_id=594"},"modified":"2025-08-30T14:28:35","modified_gmt":"2025-08-30T12:28:35","slug":"politique-de-confidentialite-des-apps","status":"publish","type":"page","link":"https:\/\/vetbrain.fr\/index.php\/politique-de-confidentialite-des-apps\/","title":{"rendered":"Politique de confidentialit\u00e9 des apps"},"content":{"rendered":"\n<p>Cette application respecte la vie priv\u00e9e de ses utilisateurs.<\/p>\n\n\n\n<h2>Collecte et utilisation des donn\u00e9es<\/h2>\n\n\n\n<p>L\u2019application <strong>ne collecte, ne stocke et ne partage aucune donn\u00e9e personnelle<\/strong> ou non personnelle relative \u00e0 ses utilisateurs.<\/p>\n\n\n\n<h2>Services tiers<\/h2>\n\n\n\n<p>L\u2019application n\u2019utilise aucun service tiers susceptible de collecter des informations concernant ses utilisateurs.<\/p>\n\n\n\n<h2>S\u00e9curit\u00e9 des donn\u00e9es<\/h2>\n\n\n\n<p>Puisqu\u2019aucune donn\u00e9e n\u2019est collect\u00e9e, aucune mesure particuli\u00e8re de stockage ou de protection n\u2019est n\u00e9cessaire.<\/p>\n\n\n\n<h2>Modifications de la politique<\/h2>\n\n\n\n<p>Si des changements devaient intervenir \u00e0 l\u2019avenir, cette Politique de Confidentialit\u00e9 sera mise \u00e0 jour afin de refl\u00e9ter toute nouvelle pratique en mati\u00e8re de donn\u00e9es. Les utilisateurs en seront inform\u00e9s par une mise \u00e0 jour de l\u2019application.<\/p>\n\n\n\n<h2>Contact<\/h2>\n\n\n\n<p>Pour toute question relative \u00e0 cette Politique de Confidentialit\u00e9, vous pouvez nous contacter \u00e0 l\u2019adresse suivante : sebastien.lefebvre@vetbrain.fr.<\/p>\n","protected":false},"excerpt":{"rendered":"<p>Cette application respecte la vie priv\u00e9e de ses utilisateurs. Collecte et utilisation des donn\u00e9es L\u2019application ne collecte, ne stocke et ne partage aucune donn\u00e9e personnelle ou non personnelle relative \u00e0 ses utilisateurs. Services tiers L\u2019application n\u2019utilise aucun service tiers susceptible de collecter des informations concernant ses utilisateurs. S\u00e9curit\u00e9 des donn\u00e9es Puisqu\u2019aucune donn\u00e9e n\u2019est collect\u00e9e, aucune &hellip; <\/p>\n<p class=\"link-more\"><a href=\"https:\/\/vetbrain.fr\/index.php\/politique-de-confidentialite-des-apps\/\" class=\"more-link\">Continue reading<span class=\"screen-reader-text\"> &#8220;Politique de confidentialit\u00e9 des apps&#8221;<\/span><\/a><\/p>\n","protected":false},"author":1,"featured_media":0,"parent":0,"menu_order":0,"comment_status":"closed","ping_status":"closed","template":"","meta":[],"_links":{"self":[{"href":"https:\/\/vetbrain.fr\/index.php\/wp-json\/wp\/v2\/pages\/594"}],"collection":[{"href":"https:\/\/vetbrain.fr\/index.php\/wp-json\/wp\/v2\/pages"}],"about":[{"href":"https:\/\/vetbrain.fr\/index.php\/wp-json\/wp\/v2\/types\/page"}],"author":[{"embeddable":true,"href":"https:\/\/vetbrain.fr\/index.php\/wp-json\/wp\/v2\/users\/1"}],"replies":[{"embeddable":true,"href":"https:\/\/vetbrain.fr\/index.php\/wp-json\/wp\/v2\/comments?post=594"}],"version-history":[{"count":1,"href":"https:\/\/vetbrain.fr\/index.php\/wp-json\/wp\/v2\/pages\/594\/revisions"}],"predecessor-version":[{"id":596,"href":"https:\/\/vetbrain.fr\/index.php\/wp-json\/wp\/v2\/pages\/594\/revisions\/596"}],"wp:attachment":[{"href":"https:\/\/vetbrain.fr\/index.php\/wp-json\/wp\/v2\/media?parent=594"}],"curies":[{"name":"wp","href":"https:\/\/api.w.org\/{rel}","templated":true}]}}