{"id":478,"date":"2022-10-18T16:08:15","date_gmt":"2022-10-18T14:08:15","guid":{"rendered":"http:\/\/vetbrain.fr\/?page_id=478"},"modified":"2022-10-18T16:20:20","modified_gmt":"2022-10-18T14:20:20","slug":"vetnutri-presentation","status":"publish","type":"page","link":"https:\/\/vetbrain.fr\/index.php\/vetnutri-presentation\/","title":{"rendered":"VetNutri Pr\u00e9sentation"},"content":{"rendered":"\n<p>VetNutri est un logiciel d&#8217;analyse et d&#8217;ajustement de ration cr\u00e9\u00e9, en premier lieu, pour les v\u00e9t\u00e9rinaires et \u00e9tudiants v\u00e9t\u00e9rinaire. Si vous n&#8217;avez aucune comp\u00e9tence en nutrition clinique ne l&#8217;utilisez pas au risque de graves cons\u00e9quences sur votre animal.<\/p>\n\n\n\n<p>Sa philosophie : en un coup d&#8217;\u0153il pouvoir analyser la ration. D&#8217;un point de vue design, le logiciel tente de donner sur un seul et m\u00eame \u00e9cran l&#8217;ensemble des informations n\u00e9cessaire \u00e0 l&#8217;analyse globale d&#8217;une ration. Cela a un co\u00f9t, l&#8217;\u00e9cran est (tr\u00e8s) charg\u00e9 et les premi\u00e8res rations peuvent \u00eatre complexes \u00e0 analyser le temps de s&#8217;habituer.<\/p>\n\n\n\n<p>VetNutri est gratuit et le restera. VetNutri existe, entre autres, gr\u00e2ce au minist\u00e8re de l&#8217;agriculture fran\u00e7ais et \u00e0 VetAgro Sup qui permettent \u00e0 son auteur de travailler sans soucis de gloire ou de fortune \u00e0 l&#8217;int\u00e9r\u00eat g\u00e9n\u00e9ral et \u00e0 celui de la profession v\u00e9t\u00e9rinaire.<\/p>\n\n\n\n<p>VetNutri ne partage pas vos informations, il ne les a pas\u2026Le logiciel n&#8217;est pas connect\u00e9 \u00e0 internet par principe. Cependant, il vous offre la possibilit\u00e9 d&#8217;exporter vos rations \u00e0 l&#8217;attention d&#8217;autres utilisateurs. <\/p>\n","protected":false},"excerpt":{"rendered":"<p>VetNutri est un logiciel d&#8217;analyse et d&#8217;ajustement de ration cr\u00e9\u00e9, en premier lieu, pour les v\u00e9t\u00e9rinaires et \u00e9tudiants v\u00e9t\u00e9rinaire. Si vous n&#8217;avez aucune comp\u00e9tence en nutrition clinique ne l&#8217;utilisez pas au risque de graves cons\u00e9quences sur votre animal. Sa philosophie : en un coup d&#8217;\u0153il pouvoir analyser la ration. D&#8217;un point de vue design, le &hellip; <\/p>\n<p class=\"link-more\"><a href=\"https:\/\/vetbrain.fr\/index.php\/vetnutri-presentation\/\" class=\"more-link\">Continue reading<span class=\"screen-reader-text\"> &#8220;VetNutri Pr\u00e9sentation&#8221;<\/span><\/a><\/p>\n","protected":false},"author":1,"featured_media":0,"parent":0,"menu_order":0,"comment_status":"closed","ping_status":"closed","template":"","meta":[],"_links":{"self":[{"href":"https:\/\/vetbrain.fr\/index.php\/wp-json\/wp\/v2\/pages\/478"}],"collection":[{"href":"https:\/\/vetbrain.fr\/index.php\/wp-json\/wp\/v2\/pages"}],"about":[{"href":"https:\/\/vetbrain.fr\/index.php\/wp-json\/wp\/v2\/types\/page"}],"author":[{"embeddable":true,"href":"https:\/\/vetbrain.fr\/index.php\/wp-json\/wp\/v2\/users\/1"}],"replies":[{"embeddable":true,"href":"https:\/\/vetbrain.fr\/index.php\/wp-json\/wp\/v2\/comments?post=478"}],"version-history":[{"count":2,"href":"https:\/\/vetbrain.fr\/index.php\/wp-json\/wp\/v2\/pages\/478\/revisions"}],"predecessor-version":[{"id":481,"href":"https:\/\/vetbrain.fr\/index.php\/wp-json\/wp\/v2\/pages\/478\/revisions\/481"}],"wp:attachment":[{"href":"https:\/\/vetbrain.fr\/index.php\/wp-json\/wp\/v2\/media?parent=478"}],"curies":[{"name":"wp","href":"https:\/\/api.w.org\/{rel}","templated":true}]}}