{"id":330,"date":"2020-10-23T13:38:51","date_gmt":"2020-10-23T11:38:51","guid":{"rendered":"http:\/\/vetbrain.fr\/?page_id=330"},"modified":"2025-11-30T22:42:16","modified_gmt":"2025-11-30T21:42:16","slug":"le-logiciel-vetnutri-fb","status":"publish","type":"page","link":"https:\/\/vetbrain.fr\/index.php\/le-logiciel-vetnutri-fb\/","title":{"rendered":"Le logiciel VetNutri-2"},"content":{"rendered":"\n<figure class=\"wp-block-embed is-type-video is-provider-youtube wp-block-embed-youtube wp-embed-aspect-16-9 wp-has-aspect-ratio\"><div class=\"wp-block-embed__wrapper\">\n<iframe loading=\"lazy\" title=\"VetNutri 2 pre\u0301sentation et Tuto\" width=\"525\" height=\"295\" src=\"https:\/\/www.youtube.com\/embed\/YRoQknNosx4?feature=oembed\" frameborder=\"0\" allow=\"accelerometer; autoplay; clipboard-write; encrypted-media; gyroscope; picture-in-picture; web-share\" referrerpolicy=\"strict-origin-when-cross-origin\" allowfullscreen><\/iframe>\n<\/div><\/figure>\n\n\n\n<p><\/p>\n\n\n\n<p> Le logiciel VetNutri permet d&#8217;analyser et de calculer des rations pour les carnivores domestiques. Il vous faut t\u00e9l\u00e9charger la version adapt\u00e9e \u00e0 votre sys\u00e8me d&#8217;exploitation, l&#8217;installateur est r\u00e9alis\u00e9 gr\u00e2ce \u00e0 Install4J <strong><a href=\"https:\/\/www.ej-technologies.com\/products\/install4j\/overview.html\">multi-platform installer builder<\/a><\/strong>. Si le t\u00e9l\u00e9chargement ne se lance pas, faite clique droit &#8220;copier l&#8217;adresse du lien&#8221; et coller le dans votre navigateur.<\/p>\n\n\n\n<h2><strong>Windows:<\/strong><\/h2>\n\n\n\n<div class=\"wp-block-file\"><a id=\"wp-block-file--media-dc6f56eb-bc7b-44bc-b508-55e447a81233\" href=\"http:\/\/vetbrain.fr\/wp-content\/uploads\/1713\/97\/VetNutri_windows-x64_0_1_31.exe_.zip\">VetNutri_windows-x64_0_1_31.exe<\/a><a href=\"http:\/\/vetbrain.fr\/wp-content\/uploads\/1713\/97\/VetNutri_windows-x64_0_1_31.exe_.zip\" class=\"wp-block-file__button\" download aria-describedby=\"wp-block-file--media-dc6f56eb-bc7b-44bc-b508-55e447a81233\">Download<\/a><\/div>\n\n\n\n<p><\/p>\n\n\n\n<h2>Windows Mais sans mise \u00e0 jour automatique:<\/h2>\n\n\n\n<div class=\"wp-block-file\"><a id=\"wp-block-file--media-a2bd4112-03df-4aa8-b439-320c9c9edb8f\" href=\"http:\/\/vetbrain.fr\/wp-content\/uploads\/1710\/57\/VetNutri_windows-x64_0_1_27noup.exe_.zip\">VetNutri_windows-x64_0_1_27noup.exe<\/a><a href=\"http:\/\/vetbrain.fr\/wp-content\/uploads\/1710\/57\/VetNutri_windows-x64_0_1_27noup.exe_.zip\" class=\"wp-block-file__button\" download aria-describedby=\"wp-block-file--media-a2bd4112-03df-4aa8-b439-320c9c9edb8f\">Download<\/a><\/div>\n\n\n\n<h2><strong>Mac:<\/strong><\/h2>\n\n\n\n<div class=\"wp-block-file\"><a id=\"wp-block-file--media-f4bc5669-f5cf-47b4-b2e2-358c4ed7ac9a\" href=\"http:\/\/vetbrain.fr\/wp-content\/uploads\/1713\/97\/VetNutri_macos_0_1_31.dmg_.zip\">VetNutri_macos_0_1_31.dmg<\/a><a href=\"http:\/\/vetbrain.fr\/wp-content\/uploads\/1713\/97\/VetNutri_macos_0_1_31.dmg_.zip\" class=\"wp-block-file__button\" download aria-describedby=\"wp-block-file--media-f4bc5669-f5cf-47b4-b2e2-358c4ed7ac9a\">Download<\/a><\/div>\n\n\n\n<p>En cas de refus d&#8217;installation, maintenez la touche &#8220;control&#8221; en ouvrant le fichier.<\/p>\n","protected":false},"excerpt":{"rendered":"<p>Le logiciel VetNutri permet d&#8217;analyser et de calculer des rations pour les carnivores domestiques. Il vous faut t\u00e9l\u00e9charger la version adapt\u00e9e \u00e0 votre sys\u00e8me d&#8217;exploitation, l&#8217;installateur est r\u00e9alis\u00e9 gr\u00e2ce \u00e0 Install4J multi-platform installer builder. Si le t\u00e9l\u00e9chargement ne se lance pas, faite clique droit &#8220;copier l&#8217;adresse du lien&#8221; et coller le dans votre navigateur. Windows: &hellip; <\/p>\n<p class=\"link-more\"><a href=\"https:\/\/vetbrain.fr\/index.php\/le-logiciel-vetnutri-fb\/\" class=\"more-link\">Continue reading<span class=\"screen-reader-text\"> &#8220;Le logiciel VetNutri-2&#8221;<\/span><\/a><\/p>\n","protected":false},"author":1,"featured_media":0,"parent":0,"menu_order":0,"comment_status":"closed","ping_status":"closed","template":"","meta":[],"_links":{"self":[{"href":"https:\/\/vetbrain.fr\/index.php\/wp-json\/wp\/v2\/pages\/330"}],"collection":[{"href":"https:\/\/vetbrain.fr\/index.php\/wp-json\/wp\/v2\/pages"}],"about":[{"href":"https:\/\/vetbrain.fr\/index.php\/wp-json\/wp\/v2\/types\/page"}],"author":[{"embeddable":true,"href":"https:\/\/vetbrain.fr\/index.php\/wp-json\/wp\/v2\/users\/1"}],"replies":[{"embeddable":true,"href":"https:\/\/vetbrain.fr\/index.php\/wp-json\/wp\/v2\/comments?post=330"}],"version-history":[{"count":46,"href":"https:\/\/vetbrain.fr\/index.php\/wp-json\/wp\/v2\/pages\/330\/revisions"}],"predecessor-version":[{"id":591,"href":"https:\/\/vetbrain.fr\/index.php\/wp-json\/wp\/v2\/pages\/330\/revisions\/591"}],"wp:attachment":[{"href":"https:\/\/vetbrain.fr\/index.php\/wp-json\/wp\/v2\/media?parent=330"}],"curies":[{"name":"wp","href":"https:\/\/api.w.org\/{rel}","templated":true}]}}